{"id":5653056,"date":"2019-06-20T14:35:15","date_gmt":"2019-06-20T14:35:15","guid":{"rendered":"https:\/\/maravilhasdogeres.pt\/casa-da-fonte\/?page_id=5653056"},"modified":"2019-06-22T14:23:09","modified_gmt":"2019-06-22T14:23:09","slug":"condicoes","status":"publish","type":"page","link":"https:\/\/maravilhasdogeres.pt\/casa-da-fonte\/condicoes\/","title":{"rendered":"Condi\u00e7\u00f5es"},"content":{"rendered":"<p>&nbsp;<\/p>\n<p><strong>CONDI\u00c7\u00d5ES DE RESERVA:<\/strong><br \/>\nAs reservas dever\u00e3o ser efectuadas com uma anteced\u00eancia m\u00ednima de 3 dias atrav\u00e9s do email reservas@maravilhasdogeres.pt ou tlm. 964370451.<br \/>\nO prolongamento da estadia para al\u00e9m do hor\u00e1rio de check out ( 12h.) at\u00e9 no m\u00e1ximo as 18h, implica o pagamento adicional de 10\u20ac\/pessoa (se dispon\u00edvel a casa).<\/p>\n<p><strong>FORMA DE PAGAMENTO:<\/strong><br \/>\nA reserva est\u00e1 confirmada quando haja dep\u00f3sito de 25% a 50% do pre\u00e7o da estadia no alojamento, no prazo de sete dias, ou, o pre\u00e7o total da mesma, cabendo ao propriet\u00e1rio do mesmo, o envio do comprovativo da reserva efectuada. Em qualquer dos casos, a totalidade do pre\u00e7o da estadia dever\u00e1 estar paga antes da ocupa\u00e7\u00e3o do alojamento.<\/p>\n<p><strong>OUTRAS CONDI\u00c7\u00d5ES:<\/strong><br \/>\nAo efectuar a reserva, o cliente \u00e9 respons\u00e1vel por fazer a declara\u00e7\u00e3o correcta do n\u00famero de pessoas que ir\u00e3o ocupar o alojamento (sem omitir as crian\u00e7as), qualquer que seja a idade. Adverte-se que o propriet\u00e1rio pode negar-se a admitir a entrada de pessoas n\u00e3o declaradas, n\u00e3o havendo lugar a qualquer reclama\u00e7\u00e3o.<\/p>\n<p><strong>ADMISS\u00c3O DE ANIMAIS DOM\u00c9STICOS:<\/strong><br \/>\nAutoriza-se o permanecimento de animais dom\u00e9sticos (c\u00e3o,gato,coelho,aves,etc) mediante pagamento adicional de 5\u20ac\/noite<\/p>\n<p><strong>HOR\u00c1RIOS:<\/strong><br \/>\n\u2013 O hor\u00e1rio normal de Check In \u00e9 a partir das 15h. Ser-lhe-\u00e1 indicado 1 c\u00f3digo de abertura da porta principal do alojamento, via SMS para telem\u00f3vel. Dever\u00e1 deixar as chaves de acesso (casa da caldeira e g\u00e1s) dentro da casa a todo tempo.<br \/>\n\u2013 O hor\u00e1rio de Check Out \u00e9 12h00, e partir dessa hora ser-lhe-\u00e1 cobrada nova estadia, independentemente da disponibilidade existente ou n\u00e3o.<\/p>\n<p><strong>OUTRAS RESERVAS:<\/strong><br \/>\nReservamo-nos o direito de exigir o pagamento por danos\/estragos causados nas casas de forma dolosa.<br \/>\nReservamo-nos no direito de estabelecer estadias m\u00ednimas nas Passagens de Ano, P\u00e1scoa e Feriados, pre\u00e7os de refer\u00eancia \u201c\u00e9poca alta\u201d<\/p>\n<p><strong>CONDI\u00c7\u00d5ES DE CANCELAMENTO:<\/strong><br \/>\nOs cancelamentos das reservas a menos de 10 dias da data de chegada implicam a perda do sinal, com mais de 10 dias o sinal ser\u00e1 cr\u00e9dito para nova estadia ( \u00e9poca baixa )<\/p>\n","protected":false},"excerpt":{"rendered":"<p>&nbsp; CONDI\u00c7\u00d5ES DE RESERVA: As reservas dever\u00e3o ser efectuadas com uma anteced\u00eancia m\u00ednima de&#8230;<\/p>\n","protected":false},"author":1,"featured_media":5653033,"parent":0,"menu_order":0,"comment_status":"closed","ping_status":"closed","template":"","meta":{"footnotes":""},"class_list":["post-5653056","page","type-page","status-publish","has-post-thumbnail","hentry"],"_links":{"self":[{"href":"https:\/\/maravilhasdogeres.pt\/casa-da-fonte\/wp-json\/wp\/v2\/pages\/5653056","targetHints":{"allow":["GET"]}}],"collection":[{"href":"https:\/\/maravilhasdogeres.pt\/casa-da-fonte\/wp-json\/wp\/v2\/pages"}],"about":[{"href":"https:\/\/maravilhasdogeres.pt\/casa-da-fonte\/wp-json\/wp\/v2\/types\/page"}],"author":[{"embeddable":true,"href":"https:\/\/maravilhasdogeres.pt\/casa-da-fonte\/wp-json\/wp\/v2\/users\/1"}],"replies":[{"embeddable":true,"href":"https:\/\/maravilhasdogeres.pt\/casa-da-fonte\/wp-json\/wp\/v2\/comments?post=5653056"}],"version-history":[{"count":2,"href":"https:\/\/maravilhasdogeres.pt\/casa-da-fonte\/wp-json\/wp\/v2\/pages\/5653056\/revisions"}],"predecessor-version":[{"id":5653309,"href":"https:\/\/maravilhasdogeres.pt\/casa-da-fonte\/wp-json\/wp\/v2\/pages\/5653056\/revisions\/5653309"}],"wp:featuredmedia":[{"embeddable":true,"href":"https:\/\/maravilhasdogeres.pt\/casa-da-fonte\/wp-json\/wp\/v2\/media\/5653033"}],"wp:attachment":[{"href":"https:\/\/maravilhasdogeres.pt\/casa-da-fonte\/wp-json\/wp\/v2\/media?parent=5653056"}],"curies":[{"name":"wp","href":"https:\/\/api.w.org\/{rel}","templated":true}]}}