{"id":5653051,"date":"2019-06-20T14:33:48","date_gmt":"2019-06-20T14:33:48","guid":{"rendered":"https:\/\/maravilhasdogeres.pt\/casa-da-fonte\/?page_id=5653051"},"modified":"2019-06-22T14:24:41","modified_gmt":"2019-06-22T14:24:41","slug":"pagamento-por-valor-indicado","status":"publish","type":"page","link":"https:\/\/maravilhasdogeres.pt\/casa-da-fonte\/pagamento-por-valor-indicado\/","title":{"rendered":"Pagamento por valor indicado"},"content":{"rendered":"<p>&nbsp;<\/p>\n<p>Dispomos de um formul\u00e1rio para Pagamento por Valor Indicado, aplic\u00e1vel exclusivamente em casos de indica\u00e7\u00e3o do valor a pagar, mediante pr\u00e9via estipula\u00e7\u00e3o de pre\u00e7os indicados aos clientes referente a (mas n\u00e3o limitados a) utiliza\u00e7\u00e3o de vouchers, promo\u00e7\u00f5es ocasionais, dias de festas, feriados, datas especiais, dias adicionais \u00e0 estadia, e\/ou outras datas\/situa\u00e7\u00f5es n\u00e3o referidas.<\/p>\n<p>Estes valores requerem pr\u00e9via autoriza\u00e7\u00e3o e aprova\u00e7\u00e3o da entidade gestora da Casa da Fonte, pelo que estes pagamentos n\u00e3o dever\u00e3o ser realizados sem a pr\u00e9via concord\u00e2ncia entre clientes e a entidade gestora da Casa da Fonte, pelo bom senso na negocia\u00e7\u00e3o e comercializa\u00e7\u00e3o dos servi\u00e7os de estadia.<\/p>\n<p>&nbsp;<\/p>\n<p>&nbsp;<\/p>\n<p>&nbsp;<\/p>\n","protected":false},"excerpt":{"rendered":"<p>&nbsp; Dispomos de um formul\u00e1rio para Pagamento por Valor Indicado, aplic\u00e1vel exclusivamente em casos&#8230;<\/p>\n","protected":false},"author":1,"featured_media":5653033,"parent":0,"menu_order":0,"comment_status":"closed","ping_status":"closed","template":"","meta":{"footnotes":""},"class_list":["post-5653051","page","type-page","status-publish","has-post-thumbnail","hentry"],"_links":{"self":[{"href":"https:\/\/maravilhasdogeres.pt\/casa-da-fonte\/wp-json\/wp\/v2\/pages\/5653051","targetHints":{"allow":["GET"]}}],"collection":[{"href":"https:\/\/maravilhasdogeres.pt\/casa-da-fonte\/wp-json\/wp\/v2\/pages"}],"about":[{"href":"https:\/\/maravilhasdogeres.pt\/casa-da-fonte\/wp-json\/wp\/v2\/types\/page"}],"author":[{"embeddable":true,"href":"https:\/\/maravilhasdogeres.pt\/casa-da-fonte\/wp-json\/wp\/v2\/users\/1"}],"replies":[{"embeddable":true,"href":"https:\/\/maravilhasdogeres.pt\/casa-da-fonte\/wp-json\/wp\/v2\/comments?post=5653051"}],"version-history":[{"count":3,"href":"https:\/\/maravilhasdogeres.pt\/casa-da-fonte\/wp-json\/wp\/v2\/pages\/5653051\/revisions"}],"predecessor-version":[{"id":5653314,"href":"https:\/\/maravilhasdogeres.pt\/casa-da-fonte\/wp-json\/wp\/v2\/pages\/5653051\/revisions\/5653314"}],"wp:featuredmedia":[{"embeddable":true,"href":"https:\/\/maravilhasdogeres.pt\/casa-da-fonte\/wp-json\/wp\/v2\/media\/5653033"}],"wp:attachment":[{"href":"https:\/\/maravilhasdogeres.pt\/casa-da-fonte\/wp-json\/wp\/v2\/media?parent=5653051"}],"curies":[{"name":"wp","href":"https:\/\/api.w.org\/{rel}","templated":true}]}}