{"id":5652022,"date":"2017-10-18T12:17:15","date_gmt":"2017-10-18T12:17:15","guid":{"rendered":"http:\/\/norebro.colabr.io\/demo8\/?page_id=12919"},"modified":"2019-06-22T15:54:06","modified_gmt":"2019-06-22T15:54:06","slug":"contatos","status":"publish","type":"page","link":"https:\/\/maravilhasdogeres.pt\/casa-da-fonte\/contatos\/","title":{"rendered":"Contatos"},"content":{"rendered":"[vc_row full_width=&#8221;stretch_row&#8221; gap=&#8221;2&#8243; full_height=&#8221;yes&#8221; equal_height=&#8221;yes&#8221; content_placement=&#8221;middle&#8221;][vc_column][vc_row_inner css=&#8221;.vc_custom_1505736899191{padding-right: 15% !important;padding-left: 15% !important;}&#8221;][vc_column_inner width=&#8221;1\/2&#8243;][vc_empty_space][vc_empty_space][vc_single_image image=&#8221;5653353&#8243; img_size=&#8221;full&#8221;][\/vc_column_inner][vc_column_inner width=&#8221;1\/2&#8243;][vc_empty_space]<div class=\"norebro-text-sc \" \n\tid=\"norebro-custom-69e37530180d5\" \n\t \n\t data-aos-duration=\"1\">\n\n\t<h4><strong>ESTAMOS AQUI PARA SERVIR<\/strong><\/h4>\n<p>Aguardamos com todo gosto a sua visita, com todas as condi\u00e7\u00f5es para lhe proporcionar todo o conforto que necessita para desfrutar de dias fant\u00e1sticos na natureza.<\/p>\n<p>Disponha dos nossos contactos para qualquer quest\u00e3o relacionada com reservas e condi\u00e7\u00f5es.<\/p>\n<p><strong>Endere\u00e7o:<\/strong><br \/>\nCASA DA FONTE<br \/>\nRua da Fonte da Portela n\u00ba10<br \/>\n4840-030 \u00a0(Campo do Ger\u00eas)<\/p>\n<p><strong>Linha direta<\/strong>: (351) 964 370 451<br \/>\n<strong>Reservas por telefone:<\/strong> (351) 224 018 414<br \/>\n<strong>E-mail<\/strong>: reservas@maravilhasdogeres.pt<\/p>\n\t\n<\/div>[\/vc_column_inner][\/vc_row_inner][vc_empty_space]<div class=\"norebro-recent-projects-sc  portfolio-grid-4 with-sorting without-nav\" \n\tid=\"norebro-custom-69e375301b1a1\"\n\t \n\t>\n\t\n\t<div class=\"slider full-height with-sorting without-nav\" data-norebro-slider='{\"mousewheel\":false,\"loop\":true,\"dots\":true,\"nav\":false,\"autoplay\":true,\"autoplayHoverPause\":true,\"navContainerClass\":\"slider-nav\",\"keyControl\":true,\"itemsDesktop\":\"3\",\"itemsTablet\":\"3\",\"itemsMobile\":\"1\",\"slideBy\":1,\"navSpeed\":\"500\",\"autoplayTimeout\":\"5\",\"autoHeight\":false,\"dotsClass\":\"slider-vertical-numbers\"}'>\n\t\t\t\t<div class=\"slider-wrap portfolio-item-wrap\">\n\t<div class=\"portfolio-item grid-4\">\n\t\t\t\t\t<div class=\"image-wrap\" data-norebro-bg-image=\"https:\/\/maravilhasdogeres.pt\/casa-da-fonte\/wp-content\/uploads\/2019\/06\/Casa-Da-Fonte_Exterior-158.jpg\"><\/div>\n\t\t\t\t<a href=\"https:\/\/maravilhasdogeres.pt\/casa-da-fonte\/project\/casa-da-fonte\/\">\n\t\t\t<div class=\"description overlay\">\n\t\t\t\t<div class=\"content-center\">\n\t\t\t\t\t<div class=\"wrap\">\n\t\t\t\t\t\t\n\t\t\t\t\t\t\t\t\t\t\t\t\t\t\t\t\t\t\t\t\t\t\t\t\t\t\t\t\t\t\t\t\t\t<span class=\"category\">Alojamento Local<\/span>\n\t\t\t\t\t\t\t\t\t\t\t\t\t\t\t\t\t\t\t\n\t\t\t\t\t\t<h4 class=\"title\">Casa da Fonte<\/h4>\n\t\t\t\t\t\t\t\t\t\t\t\t\t<div class=\"text-description\">\n\t\t\t\t\t\t\t\tA <strong>Casa da Fonte<\/strong> fica em pleno cora\u00e7\u00e3o do<strong> Parque Nacional da Peneda Ger\u00eas<\/strong>, numa zona de extraordin\u00e1ria beleza natural, \u00c9 simples, r\u00fastica, acolhedora e re\u00fane,&hellip;\t\t\t\t\t\t\t<\/div>\n\t\t\t\t\t\t\t\t\t\t\t\t\t\t\t\t\t\t<a href=\"https:\/\/maravilhasdogeres.pt\/casa-da-fonte\/project\/casa-da-fonte\/\" class=\"more hover-underline\">\n\t\t\t\t\t\t\tVer alojamento\t\t\t\t\t\t\t<span class=\"ion-ios-plus-empty\"><\/span>\n\t\t\t\t\t\t<\/a>\n\t\t\t\t\t\t\t\t\t\t\t<\/div>\n\t\t\t\t<\/div>\n\t\t\t<\/div>\n\t\t<\/a>\n\t<\/div><\/div>\t\t\t\t<div class=\"slider-wrap portfolio-item-wrap\">\n\t<div class=\"portfolio-item grid-4\">\n\t\t\t\t\t<div class=\"image-wrap\" data-norebro-bg-image=\"https:\/\/maravilhasdogeres.pt\/casa-da-fonte\/wp-content\/uploads\/slider2\/CasaDaFonte354-1920x1280.jpeg\"><\/div>\n\t\t\t\t<a href=\"https:\/\/maravilhasdogeres.pt\/casa-da-fonte\/hb_accommodation\/t0\/\">\n\t\t\t<div class=\"description overlay\">\n\t\t\t\t<div class=\"content-center\">\n\t\t\t\t\t<div class=\"wrap\">\n\t\t\t\t\t\t\n\t\t\t\t\t\t\t\t\t\t\t\t\t\t\t\t\t\t\t\t\t\t\t\t\t\t\t\t\t\t\t\t\t\t<span class=\"category\">Alojamento Local<\/span>\n\t\t\t\t\t\t\t\t\t\t\t\t\t\t\t\t\t\t\t\n\t\t\t\t\t\t<h4 class=\"title\">Casa da Fonte &#8211; T0<\/h4>\n\t\t\t\t\t\t\t\t\t\t\t\t\t<div class=\"text-description\">\n\t\t\t\t\t\t\t\t\t\t\t\t\t\t\t<\/div>\n\t\t\t\t\t\t\t\t\t\t\t\t\t\t\t\t\t\t<a href=\"https:\/\/maravilhasdogeres.pt\/casa-da-fonte\/hb_accommodation\/t0\/\" class=\"more hover-underline\">\n\t\t\t\t\t\t\tVer alojamento\t\t\t\t\t\t\t<span class=\"ion-ios-plus-empty\"><\/span>\n\t\t\t\t\t\t<\/a>\n\t\t\t\t\t\t\t\t\t\t\t<\/div>\n\t\t\t\t<\/div>\n\t\t\t<\/div>\n\t\t<\/a>\n\t<\/div><\/div>\t\t\t\t<div class=\"slider-wrap portfolio-item-wrap\">\n\t<div class=\"portfolio-item grid-4\">\n\t\t\t\t\t<div class=\"image-wrap\" data-norebro-bg-image=\"https:\/\/maravilhasdogeres.pt\/casa-da-fonte\/wp-content\/uploads\/2018\/07\/Casa-Da-Fonte-19A.jpg\"><\/div>\n\t\t\t\t<a href=\"https:\/\/maravilhasdogeres.pt\/casa-da-fonte\/hb_accommodation\/casa-da-fonte-t1\">\n\t\t\t<div class=\"description overlay\">\n\t\t\t\t<div class=\"content-center\">\n\t\t\t\t\t<div class=\"wrap\">\n\t\t\t\t\t\t\n\t\t\t\t\t\t\t\t\t\t\t\t\t\t\t\t\t\t\t\t\t\t\t\t\t\t\t\t\t\t\t\t\t\t<span class=\"category\">Alojamento Local<\/span>\n\t\t\t\t\t\t\t\t\t\t\t\t\t\t\t\t\t\t\t\n\t\t\t\t\t\t<h4 class=\"title\">Casa da Fonte &#8211; T1<\/h4>\n\t\t\t\t\t\t\t\t\t\t\t\t\t<div class=\"text-description\">\n\t\t\t\t\t\t\t\t\t\t\t\t\t\t\t<\/div>\n\t\t\t\t\t\t\t\t\t\t\t\t\t\t\t\t\t\t<a href=\"https:\/\/maravilhasdogeres.pt\/casa-da-fonte\/hb_accommodation\/casa-da-fonte-t1\" class=\"more hover-underline\">\n\t\t\t\t\t\t\tVer alojamento\t\t\t\t\t\t\t<span class=\"ion-ios-plus-empty\"><\/span>\n\t\t\t\t\t\t<\/a>\n\t\t\t\t\t\t\t\t\t\t\t<\/div>\n\t\t\t\t<\/div>\n\t\t\t<\/div>\n\t\t<\/a>\n\t<\/div><\/div>\t\t\t<\/div>\n\n\t\t<div class=\"scroll\">\n\t\tScroll\t<\/div>\n\t<\/div>[vc_empty_space height=&#8221;77px&#8221;][\/vc_column][\/vc_row]\n","protected":false},"excerpt":{"rendered":"<p>[vc_row full_width=&#8221;stretch_row&#8221; gap=&#8221;2&#8243; full_height=&#8221;yes&#8221; equal_height=&#8221;yes&#8221; content_placement=&#8221;middle&#8221;][vc_column][vc_row_inner css=&#8221;.vc_custom_1505736899191{padding-right: 15% !important;padding-left: 15% !important;}&#8221;][vc_column_inner width=&#8221;1\/2&#8243;][vc_empty_space][vc_empty_space][vc_single_image image=&#8221;5653353&#8243; img_size=&#8221;full&#8221;][\/vc_column_inner][vc_column_inner&#8230;<\/p>\n","protected":false},"author":1,"featured_media":5653067,"parent":0,"menu_order":0,"comment_status":"closed","ping_status":"closed","template":"","meta":{"footnotes":""},"class_list":["post-5652022","page","type-page","status-publish","has-post-thumbnail","hentry"],"_links":{"self":[{"href":"https:\/\/maravilhasdogeres.pt\/casa-da-fonte\/wp-json\/wp\/v2\/pages\/5652022","targetHints":{"allow":["GET"]}}],"collection":[{"href":"https:\/\/maravilhasdogeres.pt\/casa-da-fonte\/wp-json\/wp\/v2\/pages"}],"about":[{"href":"https:\/\/maravilhasdogeres.pt\/casa-da-fonte\/wp-json\/wp\/v2\/types\/page"}],"author":[{"embeddable":true,"href":"https:\/\/maravilhasdogeres.pt\/casa-da-fonte\/wp-json\/wp\/v2\/users\/1"}],"replies":[{"embeddable":true,"href":"https:\/\/maravilhasdogeres.pt\/casa-da-fonte\/wp-json\/wp\/v2\/comments?post=5652022"}],"version-history":[{"count":28,"href":"https:\/\/maravilhasdogeres.pt\/casa-da-fonte\/wp-json\/wp\/v2\/pages\/5652022\/revisions"}],"predecessor-version":[{"id":5653357,"href":"https:\/\/maravilhasdogeres.pt\/casa-da-fonte\/wp-json\/wp\/v2\/pages\/5652022\/revisions\/5653357"}],"wp:featuredmedia":[{"embeddable":true,"href":"https:\/\/maravilhasdogeres.pt\/casa-da-fonte\/wp-json\/wp\/v2\/media\/5653067"}],"wp:attachment":[{"href":"https:\/\/maravilhasdogeres.pt\/casa-da-fonte\/wp-json\/wp\/v2\/media?parent=5652022"}],"curies":[{"name":"wp","href":"https:\/\/api.w.org\/{rel}","templated":true}]}}