{"id":3,"date":"2019-06-19T21:26:18","date_gmt":"2019-06-19T21:26:18","guid":{"rendered":"https:\/\/maravilhasdogeres.pt\/casa-da-fonte\/?page_id=3"},"modified":"2019-06-22T14:32:34","modified_gmt":"2019-06-22T14:32:34","slug":"politica-de-privacidade-proteccao-de-dados-rgpd-e-cookies","status":"publish","type":"page","link":"https:\/\/maravilhasdogeres.pt\/casa-da-fonte\/politica-de-privacidade-proteccao-de-dados-rgpd-e-cookies\/","title":{"rendered":"POL\u00cdTICA DE PRIVACIDADE, PROTEC\u00c7\u00c3O DE DADOS, RGPD, E COOKIES"},"content":{"rendered":"<header class=\"entry-header\">\n<header class=\"entry-header\">\n<h1 class=\"entry-title\">POL\u00cdTICA DE PRIVACIDADE, PROTEC\u00c7\u00c3O DE DADOS, E COOKIES<\/h1>\n<\/header>\n<div class=\"entry-content\">\n<p>POLITICA DE PRIVACIDADE<br \/>1. Enquadramento<\/p>\n<p>A presente Pol\u00edtica de Privacidade estabelece o compromisso da \u201cMaravilhas do Ger\u00eas\u201d enquanto marca\/website, com os seus visitantes\/clientes, em mat\u00e9ria de prote\u00e7\u00e3o de dados pessoais, visando refor\u00e7ar e consolidar a sua rela\u00e7\u00e3o de confian\u00e7a e proximidade. Atrav\u00e9s desta Pol\u00edtica de Privacidade, a \u201cMaravilhas do Ger\u00eas\u201d informa os seus visitantes\/clientes relativamente aos tratamentos que realiza com os seus dados, bem como os direitos que lhes reconhece, enquanto titulares de dados pessoais. A \u201cMaravilhas do Ger\u00eas\u201d atua no estrito cumprimento dos princ\u00edpios descritos nesta pol\u00edtica, do Regulamento (UE) 2016\/679 (Regulamento Geral sobre a Prote\u00e7\u00e3o de Dados \u2013 RGPD) e da legisla\u00e7\u00e3o de prote\u00e7\u00e3o de dados aplic\u00e1vel, em todas as atividades de tratamento de dados pessoais que sejam da sua responsabilidade. A \u201cMaravilhas do Ger\u00eas\u201d trata dados pessoais atrav\u00e9s de v\u00e1rios meios operacionais e t\u00e9cnicos que servem de suporte \u00e0s atividades dos seus processos de neg\u00f3cio.<\/p>\n<p>a) Objetivos<br \/>A Pol\u00edtica de Privacidade, como instrumento de comunica\u00e7\u00e3o, tem como principais objetivos:<br \/>\u2013 Refor\u00e7ar e consolidar a rela\u00e7\u00e3o de confian\u00e7a e proximidade da \u201cMaravilhas do Ger\u00eas\u201d com os seus visitantes\/clientes;<br \/>\u2013 Demonstrar transpar\u00eancia no tratamento de dados pessoais realizados pela \u201cMaravilhas do Ger\u00eas\u201d;<br \/>\u2013 Informar os visitantes\/clientes dos seus direitos, enquanto titulares de dados pessoais, e da forma como podem exerc\u00ea-los;<br \/>\u2013 Informar os visitantes\/clientes sobre os Respons\u00e1veis da \u201cMaravilhas do Ger\u00eas\u201d a quem podem solicitar o exerc\u00edcio dos seus direitos, ou esclarecer como s\u00e3o tratados os seus dados pessoais;<\/p>\n<p>b) \u00c2mbito de aplica\u00e7\u00e3o<br \/>A Pol\u00edtica de Privacidade aplica-se, exclusivamente, ao tratamento de dados pessoais efetuados pela \u201cMaravilhas do Ger\u00eas\u201d, no contexto das finalidades previstas. Para efeitos desta Pol\u00edtica de Privacidade, considera-se dado pessoal toda e qualquer informa\u00e7\u00e3o relativa a uma pessoa singular identificada ou identific\u00e1vel. \u00c9 identific\u00e1vel o Cliente que possa ser identificado direta ou indiretamente, nomeadamente atrav\u00e9s de um n\u00famero de identifica\u00e7\u00e3o ou atrav\u00e9s de caracter\u00edsticas espec\u00edficas da sua identidade f\u00edsica, fisiol\u00f3gica, gen\u00e9tica, cultural ou social.<\/p>\n<p>2. Pol\u00edtica de Privacidade<\/p>\n<p>a) O nosso compromisso<br \/>A prote\u00e7\u00e3o dos seus dados pessoais \u00e9 uma prioridade para a \u201cMaravilhas do Ger\u00eas\u201d.<br \/>Assumimos o compromisso de apenas tratar os seus dados pessoais que sejam estritamente necess\u00e1rios para lhe prestar os melhores servi\u00e7os, garantindo transpar\u00eancia na informa\u00e7\u00e3o e aplica\u00e7\u00e3o das melhores pr\u00e1ticas, no dom\u00ednio da seguran\u00e7a e da prote\u00e7\u00e3o dos dados pessoais.<\/p>\n<p>Sempre que os seus dados pessoais sejam tratados por entidades contratadas, a \u201cMaravilhas do Ger\u00eas\u201d exigir\u00e1 que estas entidades apresentem o mesmo n\u00edvel de garantia de privacidade e seguran\u00e7a em mat\u00e9ria de prote\u00e7\u00e3o de dados pessoais.<\/p>\n<p>Queremos merecer a sua confian\u00e7a e que sinta que os seus dados pessoais est\u00e3o seguros connosco, pois estaremos sempre comprometidos em proteger a sua privacidade, assumindo, com grande seriedade e empenho, as nossas responsabilidades no que respeita \u00e0 prote\u00e7\u00e3o dos seus dados pessoais.<br \/>Sempre que tiver qualquer d\u00favida sobre o tratamento dos seus dados pessoais, estaremos dispon\u00edveis para o ajudar, atrav\u00e9s do formul\u00e1rio dispon\u00edvel na \u00e1rea de privacidade do nosso website, ou de outros meios que lhe disponibilizamos.<\/p>\n<p>b) Que dados pessoais utilizamos e para que \u00e9 que os utilizamos?<br \/>A \u201cMaravilhas do Ger\u00eas\u201d assume o compromisso de apenas tratar os dados pessoais estritamente necess\u00e1rios para cada processo.<\/p>\n<p>Exemplificando:<\/p>\n<p>Online \u2013 No \u00e2mbito da conta online, os dados pessoais ou empresa utilizados s\u00e3o iguais para as mesmas finalidades de compra no website \u201cMaravilhas do Ger\u00eas\u201d. Os seus dados pessoais s\u00e3o utilizados para lhe permitir comprar produtos (bens ou servi\u00e7os) \u00e0 dist\u00e2ncia e\/ou aceder ao seu hist\u00f3rico de compras, bem como vendas por afilia\u00e7\u00e3o.<\/p>\n<p>Gest\u00e3o de Transa\u00e7\u00f5es \u2013 Sempre que solicitar a indica\u00e7\u00e3o do seu n\u00famero de identifica\u00e7\u00e3o fiscal nas suas compras, necessitamos de o registar e de o transmitir \u00e0 Autoridade Tribut\u00e1ria;<\/p>\n<p>Marketing Direto \u2013 Necessitaremos, igualmente, dos seus dados de contacto (e-mail e n\u00famero de telem\u00f3vel), para lhe podermos enviar comunica\u00e7\u00f5es informativas sobre novidades, campanhas e ofertas, descontos ou benef\u00edcios, gen\u00e9ricos ou direcionados. Poder\u00e1, a todo e qualquer momento, retirar a indica\u00e7\u00e3o para receber este tipo de comunica\u00e7\u00f5es, bastando para isso enviar-nos 1 e-mail a solicitar a remo\u00e7\u00e3o.<\/p>\n<p>c) Durante quanto tempo conservamos os seus dados pessoais?<br \/>Apenas conservamos os seus dados pessoais durante o per\u00edodo estritamente necess\u00e1rio para cumprir os objetivos acima identificados, dentro dos limites legais. Terminado o prazo de conserva\u00e7\u00e3o definido, a \u201cMaravilhas do Ger\u00eas\u201d compromete-se a eliminar, destruir ou anonimizar os seus dados pessoais. De uma forma geral, a \u201cMaravilhas do Ger\u00eas\u201d poder\u00e1 conservar dados de transa\u00e7\u00f5es durante um per\u00edodo de 10 anos, sendo este o prazo definido por lei, bem como o prazo m\u00e1ximo razo\u00e1vel de vida \u00fatil dos produtos (bens ou servi\u00e7os) comercializados. Poder\u00e1 solicitar-nos informa\u00e7\u00f5es adicionais relativamente aos per\u00edodos de conserva\u00e7\u00e3o dos seus dados pessoais, atrav\u00e9s do formul\u00e1rio dispon\u00edvel na \u00e1rea de privacidade do nosso website.<\/p>\n<p>d) Com quem podemos partilhar os seus dados pessoais?<br \/>Em determinados casos, poderemos divulgar os seus dados pessoais a entidades que nos prestem servi\u00e7os, no \u00e2mbito de entregas ao domic\u00edlio, repara\u00e7\u00f5es e servi\u00e7o de artigos, servi\u00e7os financeiros e a\u00e7\u00f5es de marketing.Procederemos \u00e0 transmiss\u00e3o dos seus dados pessoais \u00e0 Autoridade Tribut\u00e1ria, por imposi\u00e7\u00e3o legal. A \u201cMaravilhas do Ger\u00eas\u201d n\u00e3o partilha, em caso algum, os seus dados pessoais com outras empresas ou marcas, para outros fins comerciais.<\/p>\n<p>e) Quais s\u00e3o os seus direitos e como poder\u00e1 exerc\u00ea-los?<br \/>Por regra, o titular de dados pessoais tem os seguintes direitos, em mat\u00e9ria de prote\u00e7\u00e3o de dados: direito de acesso, direito de retifica\u00e7\u00e3o, direito de apagamento, direito de limita\u00e7\u00e3o, direito de portabilidade, direito de oposi\u00e7\u00e3o e direito de n\u00e3o ficar sujeito a decis\u00f5es automatizadas. Nos casos em que tenha prestado consentimento para determinado tratamento dos seus dados pessoais, poder\u00e1 retir\u00e1-lo a todo o tempo. Para exercer qualquer um destes direitos, dever\u00e1 faz\u00ea-lo atrav\u00e9s do formul\u00e1rio disponibilizado pela \u201cMaravilhas do Ger\u00eas\u201d, em https:\/\/www.maravilhasdogeres.pt\/contatos-reservar-casa-ferias-geres\/ . A \u201cMaravilhas do Ger\u00eas\u201d proceder\u00e1 \u00e0 an\u00e1lise cuidada dos pedidos, avaliando a sua legitimidade e pertin\u00eancia, comprometendo-se a dar resposta em tempo oportuno. Caso necessite, o titular de dados pessoais poder\u00e1, ainda, apresentar reclama\u00e7\u00e3o junto da Comiss\u00e3o Nacional de Prote\u00e7\u00e3o de Dados (CNPD).<\/p>\n<p>f) Cookies<br \/>A \u201cMaravilhas do Ger\u00eas\u201d utiliza, nos seus Websites, cookies que permitem melhorar o desempenho e a experi\u00eancia de navega\u00e7\u00e3o dos nossos utilizadores, aumentando, por um lado, a rapidez e efici\u00eancia de resposta e, por outro, eliminando a necessidade de introduzir repetidamente as mesmas informa\u00e7\u00f5es. A coloca\u00e7\u00e3o de cookies n\u00e3o s\u00f3 ajuda os Websites a reconhecer o dispositivo do utilizador na pr\u00f3xima vez que nos visita, mas tamb\u00e9m ser\u00e1 imprescind\u00edvel para o funcionamento dos mesmos. Os cookies usados pela \u201cMaravilhas do Ger\u00eas\u201d, em todos os seus Websites, n\u00e3o recolhem informa\u00e7\u00f5es pessoais que permitam identificar o utilizador, guardando apenas informa\u00e7\u00f5es gen\u00e9ricas, designadamente, a forma e\/ou local de acesso do utilizador e o modo como usa os Websites. Os cookies ret\u00eam apenas informa\u00e7\u00e3o relacionada com as prefer\u00eancias do Utilizador.<\/p>\n<p>Cookies de sess\u00e3o: S\u00e3o cookies tempor\u00e1rias que permanecem em arquivo de cookies do navegador at\u00e9 que este abandone a p\u00e1gina web, pelo que n\u00e3o fica qualquer registo no disco r\u00edgido do usu\u00e1rio. A informa\u00e7\u00e3o recolhida por estes cookies serve para analisar padr\u00f5es de tr\u00e1fego do site. Em \u00faltima an\u00e1lise, isso permite-nos melhorar o conte\u00fado e melhorar a usabilidade do site.<\/p>\n<p>Cookies de an\u00e1lise: S\u00e3o aqueles que bem tratados por n\u00f3s ou por terceiros, nos permitem quantificar o n\u00famero de usu\u00e1rios e realizar a medi\u00e7\u00e3o e an\u00e1lise estat\u00edstica de como os usu\u00e1rios usam o servi\u00e7o oferecido. Examinamos a sua navega\u00e7\u00e3o no nosso site, com o objetivo de melhorar o fornecimento de produtos ou servi\u00e7os que lhe disponibilizamos.<\/p>\n<p>Cookies publicit\u00e1rias: S\u00e3o aqueles que bem tratados por n\u00f3s ou por terceiros, nos permitem gerir de uma forma mais eficaz a oferta de espa\u00e7os publicit\u00e1rios que existem no site, podendo analisar os seus h\u00e1bitos de navega\u00e7\u00e3o e mostrar-lhe publicidade relacionada com o seu perfil de navega\u00e7\u00e3o.<\/p>\n<p>g) Como protegemos os seus dados pessoais?<br \/>Dispomos de uma diversidade de medidas de seguran\u00e7a da informa\u00e7\u00e3o, alinhadas com as melhores pr\u00e1ticas nacionais e internacionais, de modo a proteger os seus dados pessoais, incluindo controlos tecnol\u00f3gicos, medidas administrativas, t\u00e9cnicas, f\u00edsicas e procedimentos que garantem a prote\u00e7\u00e3o dos seus dados pessoais, impedindo a sua utiliza\u00e7\u00e3o indevida, o acesso e divulga\u00e7\u00e3o n\u00e3o autorizada, a sua perda, a sua altera\u00e7\u00e3o indevida ou inadvertida, ou a sua destrui\u00e7\u00e3o n\u00e3o autorizada. Assumimos, em mat\u00e9ria de seguran\u00e7a da informa\u00e7\u00e3o, o mesmo compromisso de melhoria cont\u00ednua pelo qual nos pautamosna nossa atividade di\u00e1ria.<br \/>Entre outras, destacamos as seguintes medidas:<\/p>\n<p>i. Acesso restrito aos seus dados pessoais;<\/p>\n<p>ii. Armazenamento e transmiss\u00e3o de dados pessoais de forma segura;<\/p>\n<p>iii. Prote\u00e7\u00e3o dos sistemas de informa\u00e7\u00e3o atrav\u00e9s de dispositivos que impedem o acesso n\u00e3o autorizado aos seus dados pessoais;<\/p>\n<p>iv. Implementa\u00e7\u00e3o de mecanismos que garantem a salvaguarda da integridade e da qualidade dos seus dados pessoais;<\/p>\n<p>v. Monitoriza\u00e7\u00e3o permanente dos sistemas de informa\u00e7\u00e3o, com o objetivo de prevenir, detetar e impedir o uso indevido dos seus dados pessoais;<\/p>\n<p>vi. Redund\u00e2ncia de equipamentos de armazenamento, processamento e comunica\u00e7\u00e3o de dados pessoais, para evitar perda de disponibilidade.<\/p>\n<p>h) Atualiza\u00e7\u00f5es a esta Pol\u00edtica de Privacidade<br \/>A presente Pol\u00edtica de Privacidade pode ser revista e atualizada, o que ser\u00e1 objeto de divulga\u00e7\u00e3o atrav\u00e9s do nosso website.<\/p>\n<\/div>\n<\/header>\n","protected":false},"excerpt":{"rendered":"<p>POL\u00cdTICA DE PRIVACIDADE, PROTEC\u00c7\u00c3O DE DADOS, E COOKIES POLITICA DE PRIVACIDADE1. Enquadramento A presente&#8230;<\/p>\n","protected":false},"author":1,"featured_media":0,"parent":0,"menu_order":0,"comment_status":"closed","ping_status":"closed","template":"","meta":{"footnotes":""},"class_list":["post-3","page","type-page","status-publish","hentry"],"_links":{"self":[{"href":"https:\/\/maravilhasdogeres.pt\/casa-da-fonte\/wp-json\/wp\/v2\/pages\/3","targetHints":{"allow":["GET"]}}],"collection":[{"href":"https:\/\/maravilhasdogeres.pt\/casa-da-fonte\/wp-json\/wp\/v2\/pages"}],"about":[{"href":"https:\/\/maravilhasdogeres.pt\/casa-da-fonte\/wp-json\/wp\/v2\/types\/page"}],"author":[{"embeddable":true,"href":"https:\/\/maravilhasdogeres.pt\/casa-da-fonte\/wp-json\/wp\/v2\/users\/1"}],"replies":[{"embeddable":true,"href":"https:\/\/maravilhasdogeres.pt\/casa-da-fonte\/wp-json\/wp\/v2\/comments?post=3"}],"version-history":[{"count":2,"href":"https:\/\/maravilhasdogeres.pt\/casa-da-fonte\/wp-json\/wp\/v2\/pages\/3\/revisions"}],"predecessor-version":[{"id":5653317,"href":"https:\/\/maravilhasdogeres.pt\/casa-da-fonte\/wp-json\/wp\/v2\/pages\/3\/revisions\/5653317"}],"wp:attachment":[{"href":"https:\/\/maravilhasdogeres.pt\/casa-da-fonte\/wp-json\/wp\/v2\/media?parent=3"}],"curies":[{"name":"wp","href":"https:\/\/api.w.org\/{rel}","templated":true}]}}